{"id":948,"date":"2025-02-12T01:27:27","date_gmt":"2025-02-12T01:27:27","guid":{"rendered":"https:\/\/alphanexfx.com/en\/?page_id=948"},"modified":"2025-02-12T16:54:18","modified_gmt":"2025-02-12T16:54:18","slug":"terms-and-conditions","status":"publish","type":"page","link":"https:\/\/alphanexfx.com/en\/terms-and-conditions\/?lang=de","title":{"rendered":"Terms and Conditions"},"content":{"rendered":"\t\t<div data-elementor-type=\"wp-page\" data-elementor-id=\"948\" class=\"elementor elementor-948 elementor-327\" data-elementor-post-type=\"page\">\n\t\t\t\t\t\t<section class=\"elementor-section elementor-top-section elementor-element elementor-element-7f5093e4 elementor-section-boxed elementor-section-height-default elementor-section-height-default\" data-id=\"7f5093e4\" data-element_type=\"section\" data-settings=\"{&quot;background_background&quot;:&quot;classic&quot;}\">\n\t\t\t\t\t\t\t<div class=\"elementor-background-overlay\"><\/div>\n\t\t\t\t\t\t\t<div class=\"elementor-container elementor-column-gap-no\">\n\t\t\t\t\t<div class=\"elementor-column elementor-col-100 elementor-top-column elementor-element elementor-element-751c6f21\" data-id=\"751c6f21\" data-element_type=\"column\">\n\t\t\t<div class=\"elementor-widget-wrap elementor-element-populated\">\n\t\t\t\t\t\t<div class=\"elementor-element elementor-element-1c165a01 elementor-widget__width-auto elementor-widget elementor-widget-heading\" data-id=\"1c165a01\" data-element_type=\"widget\" data-widget_type=\"heading.default\">\n\t\t\t\t<div class=\"elementor-widget-container\">\n\t\t\t<h2 class=\"elementor-heading-title elementor-size-default\">Rechtliches<\/h2>\t\t<\/div>\n\t\t\t\t<\/div>\n\t\t\t\t<div class=\"elementor-element elementor-element-6c15166c elementor-widget elementor-widget-heading\" data-id=\"6c15166c\" data-element_type=\"widget\" data-widget_type=\"heading.default\">\n\t\t\t\t<div class=\"elementor-widget-container\">\n\t\t\t<h2 class=\"elementor-heading-title elementor-size-default\">Allgemeine Gesch\u00e4ftsbedingungen<\/h2>\t\t<\/div>\n\t\t\t\t<\/div>\n\t\t\t\t\t<\/div>\n\t\t<\/div>\n\t\t\t\t\t<\/div>\n\t\t<\/section>\n\t\t\t\t<section class=\"elementor-section elementor-top-section elementor-element elementor-element-656527f6 elementor-section-boxed elementor-section-height-default elementor-section-height-default\" data-id=\"656527f6\" data-element_type=\"section\" data-settings=\"{&quot;background_background&quot;:&quot;classic&quot;}\">\n\t\t\t\t\t\t<div class=\"elementor-container elementor-column-gap-no\">\n\t\t\t\t\t<div class=\"elementor-column elementor-col-100 elementor-top-column elementor-element elementor-element-4b2d10b\" data-id=\"4b2d10b\" data-element_type=\"column\">\n\t\t\t<div class=\"elementor-widget-wrap elementor-element-populated\">\n\t\t\t\t\t\t<div class=\"elementor-element elementor-element-97dd251 elementor-widget elementor-widget-text-editor\" data-id=\"97dd251\" data-element_type=\"widget\" data-widget_type=\"text-editor.default\">\n\t\t\t\t<div class=\"elementor-widget-container\">\n\t\t\t\t\t\t\t<h5><span>G\u00fcltig ab: 20.09.2024<\/span><\/h5><p><a class=\"text-entity-link word-break-all\" dir=\"auto\" title=\"https:\/\/alphanexfx.com/en\/\" href=\"https:\/\/alphanexfx.com/en\/\" target=\"_blank\" rel=\"noopener noreferrer\" data-entity-type=\"MessageEntityUrl\"><span><span style=\"color: #99e069;\">alphanexfx.com/en<\/span><\/span><\/a><span>\u00a0\u00a0ist Eigentum von GLOBAL Markets LLC und wird von diesem Unternehmen mit der Registrierungsnummer 3796 LLC 204 und der Registrierungsadresse Euro House, Richmond Hill Road, Kingstown, St. Vincent und die Grenadinen betrieben.<\/span><\/p><p><span>Willkommen bei\u00a0<\/span><strong><span>alphanexfx.com/en<\/span><\/strong><span>\u00a0! Indem Sie auf unsere Website, Plattform und Dienste (zusammen \u201eDienste\u201c genannt) zugreifen und diese nutzen, erkl\u00e4ren Sie sich mit diesen Allgemeinen Gesch\u00e4ftsbedingungen sowie allen zus\u00e4tzlichen Bedingungen und Richtlinien einverstanden, die f\u00fcr bestimmte Funktionen unserer Plattform gelten k\u00f6nnen. Bitte lesen Sie diese Bedingungen sorgf\u00e4ltig durch, bevor Sie unsere Dienste nutzen.<\/span><\/p><h5><span style=\"color: #99e069;\">1.\u00a0<strong>Annahme der Bedingungen<\/strong><\/span><\/h5><p><span>Indem Sie auf\u00a0<\/span><strong><span>alphanexfx.com/en<\/span><\/strong><span>\u00a0zugreifen und es verwenden , best\u00e4tigen Sie, dass Sie diese Allgemeinen Gesch\u00e4ftsbedingungen gelesen und verstanden haben und sich mit ihnen einverstanden erkl\u00e4ren. Wenn Sie mit diesen Bedingungen nicht einverstanden sind, verwenden Sie unsere Dienste bitte nicht.<\/span><\/p><h5><span style=\"color: #99e069;\">2.\u00a0<strong>Teilnahmeberechtigung<\/strong><\/span><\/h5><p><span>Um unsere Dienste nutzen zu k\u00f6nnen, m\u00fcssen Sie mindestens 18 Jahre alt und rechtlich befugt sein, verbindliche Vertr\u00e4ge abzuschlie\u00dfen. Indem Sie\u00a0<\/span><strong><span>alphanexfx.com/en<\/span><\/strong><span>\u00a0nutzen , best\u00e4tigen Sie, dass Sie diese Anforderungen erf\u00fcllen und rechtlich befugt sind, die Plattform zu nutzen.<\/span><\/p><h5><span style=\"color: #99e069;\">3.\u00a0<strong>Kontoregistrierung<\/strong><\/span><\/h5><p><span>Um auf bestimmte Funktionen der Plattform zugreifen zu k\u00f6nnen, m\u00fcssen Sie ein Konto erstellen. W\u00e4hrend des Registrierungsvorgangs geben Sie genaue und vollst\u00e4ndige Informationen an, einschlie\u00dflich, aber nicht beschr\u00e4nkt auf Ihren vollst\u00e4ndigen Namen, Ihre E-Mail-Adresse und andere erforderliche Angaben. Sie sind f\u00fcr die Geheimhaltung Ihrer Kontoanmeldeinformationen und f\u00fcr alle Aktivit\u00e4ten unter Ihrem Konto verantwortlich.<\/span><\/p><p><span>Sie verpflichten sich, uns umgehend zu benachrichtigen, wenn Sie den Verdacht haben, dass Ihr Konto unbefugt genutzt wird oder es zu Sicherheitsverst\u00f6\u00dfen kommt.<\/span><\/p><h5><span style=\"color: #99e069;\">4.\u00a0<strong>Nutzung der Dienste<\/strong><\/span><\/h5><p><strong><span>Sie verpflichten sich, alphanexfx.com/en<\/span><\/strong><span>\u00a0nur f\u00fcr rechtm\u00e4\u00dfige Zwecke\u00a0zu nutzen . Sie d\u00fcrfen nicht:<\/span><\/p><ul><li><span>Die Plattform f\u00fcr betr\u00fcgerische Aktivit\u00e4ten oder Geldw\u00e4sche nutzen.<\/span><\/li><li><span>Versto\u00dfen Sie gegen geltende Gesetze, Vorschriften oder Richtlinien.<\/span><\/li><li><span>Versuchen, unbefugten Zugriff auf die Plattform oder ihre Systeme zu erlangen.<\/span><\/li><li><span>Verwenden Sie die Plattform f\u00fcr Aktivit\u00e4ten, die die Funktion der Dienste oder des Netzwerks sch\u00e4digen, st\u00f6ren oder beeintr\u00e4chtigen k\u00f6nnten.<\/span><\/li><\/ul><p><span>Wir behalten uns das Recht vor, Ihr Konto zu sperren oder zu k\u00fcndigen, wenn wir der Meinung sind, dass Sie gegen diese Bedingungen versto\u00dfen haben.<\/span><\/p><h5><span style=\"color: #99e069;\">5.\u00a0<strong>Risikoanerkennung<\/strong><\/span><\/h5><p><span>Sie erkennen an, dass der Handel mit Finanzinstrumenten, einschlie\u00dflich, aber nicht beschr\u00e4nkt auf Devisen, Kryptow\u00e4hrungen, Aktien und andere Derivate, mit erheblichen Risiken verbunden ist. Der Wert von Verm\u00f6genswerten kann schwanken und Sie k\u00f6nnen Verluste erleiden, die h\u00f6her sind als Ihre urspr\u00fcngliche Investition. Es liegt in Ihrer Verantwortung, die mit dem Handel verbundenen Risiken zu verstehen, und wir empfehlen Ihnen dringend, vor der Aufnahme von Handelsaktivit\u00e4ten unabh\u00e4ngige Finanzberatung einzuholen.<\/span><\/p><h5><span style=\"color: #99e069;\">6.\u00a0<strong>Einzahlungen und Auszahlungen<\/strong><\/span><\/h5><p><strong><span>Durch die Nutzung unserer Plattform erkl\u00e4ren Sie sich mit unseren Ein- und Auszahlungsrichtlinien<\/span><\/strong><span>\u00a0einverstanden\u00a0, die die Verfahren f\u00fcr die Ein- und Auszahlung von Geldern von Ihrem Konto regeln. Sie sind daf\u00fcr verantwortlich, dass alle Ein- und Auszahlungstransaktionen rechtm\u00e4\u00dfig sind, und Sie erkl\u00e4ren sich damit einverstanden, alle mit diesen Transaktionen verbundenen beh\u00f6rdlichen und gesetzlichen Anforderungen einzuhalten.<\/span><\/p><h5><span style=\"color: #99e069;\">7.\u00a0<strong>Geb\u00fchren<\/strong><\/span><\/h5><p><strong><span>alphanexfx.com/en<\/span><\/strong><span>\u00a0kann f\u00fcr bestimmte Dienste, einschlie\u00dflich Einzahlungen, Abhebungen und Handelsaktivit\u00e4ten, Geb\u00fchren erheben. Alle Geb\u00fchren werden auf der Plattform klar angegeben und Sie erkl\u00e4ren sich damit einverstanden, alle anfallenden Geb\u00fchren im Zusammenhang mit Ihrer Nutzung unserer Dienste zu zahlen. Wir behalten uns das Recht vor, Geb\u00fchren nach eigenem Ermessen zu \u00e4ndern, und alle \u00c4nderungen werden Ihnen im Voraus mitgeteilt.<\/span><\/p><h5><span style=\"color: #99e069;\">8.\u00a0<strong>Kundendienst<\/strong><\/span><\/h5><p><span>Wir bieten Kundensupport, der Sie bei Fragen oder Problemen zur Nutzung unserer Plattform unterst\u00fctzt. Wenn Sie Hilfe ben\u00f6tigen, k\u00f6nnen Sie unser Support-Team \u00fcber die auf der Plattform angegebenen Kontaktdaten erreichen.<\/span><\/p><h5><span style=\"color: #99e069;\">9.\u00a0<strong>Geistiges Eigentum<\/strong><\/span><\/h5><p><span>Alle Inhalte auf der Website\u00a0<\/span><strong><span>alphanexfx.com/en<\/span><\/strong><span>\u00a0, einschlie\u00dflich Logos, Grafiken, Text, Software und anderer Materialien, sind Eigentum von\u00a0<\/span><strong><span>alphanexfx.com/en<\/span><\/strong><span>\u00a0oder seinen Lizenzgebern und durch Urheberrechte, Markenrechte und andere Gesetze zum Schutz geistigen Eigentums gesch\u00fctzt. Ihnen wird eine beschr\u00e4nkte, nicht exklusive, nicht \u00fcbertragbare Lizenz f\u00fcr den Zugriff auf die Plattform und deren Nutzung ausschlie\u00dflich f\u00fcr pers\u00f6nliche, nicht kommerzielle Zwecke gew\u00e4hrt. Sie d\u00fcrfen ohne vorherige schriftliche Zustimmung keine Inhalte der Plattform kopieren, reproduzieren, verteilen oder \u00e4ndern.<\/span><\/p><h5><span style=\"color: #99e069;\">10.\u00a0<strong>Privatsph\u00e4re und Datenschutz<\/strong><\/span><\/h5><p><span>Ihre Nutzung von\u00a0<\/span><strong><span>alphanexfx.com/en<\/span><\/strong><span>\u00a0unterliegt unserer\u00a0<\/span><strong><span>Datenschutzrichtlinie<\/span><\/strong><span>\u00a0, in der beschrieben wird, wie wir Ihre pers\u00f6nlichen Daten sammeln, verwenden und sch\u00fctzen. Durch die Nutzung unserer Dienste stimmen Sie den in der Datenschutzrichtlinie beschriebenen Praktiken zu.<\/span><\/p><h5><span style=\"color: #99e069;\">11.\u00a0<strong>Sperrung oder K\u00fcndigung des Kontos<\/strong><\/span><\/h5><p><span>Wir behalten uns das Recht vor, Ihr Konto jederzeit und ohne Vorank\u00fcndigung zu sperren oder zu k\u00fcndigen, wenn wir einen Versto\u00df gegen diese Allgemeinen Gesch\u00e4ftsbedingungen vermuten oder wenn dies gesetzlich oder durch Aufsichtsbeh\u00f6rden vorgeschrieben ist. Nach der K\u00fcndigung haben Sie keinen Anspruch auf R\u00fcckerstattung von Einlagen oder Geb\u00fchren.<\/span><\/p><h5><span style=\"color: #99e069;\">12.\u00a0<strong>Schadloshaltung<\/strong><\/span><\/h5><p><span>Sie erkl\u00e4ren sich damit einverstanden,\u00a0<\/span><strong><span>alphanexfx.com/en<\/span><\/strong><span>\u00a0, seine leitenden Angestellten, Direktoren, Mitarbeiter und verbundenen Unternehmen von allen Anspr\u00fcchen, Verlusten, Sch\u00e4den, Verbindlichkeiten oder Kosten (einschlie\u00dflich Anwaltskosten) freizustellen und schadlos zu halten, die aus Ihrer Nutzung der Plattform, einem Versto\u00df gegen diese Allgemeinen Gesch\u00e4ftsbedingungen oder einer Verletzung von Rechten Dritter entstehen.<\/span><\/p><h5><span style=\"color: #99e069;\">13.\u00a0<strong>Haftungsbeschr\u00e4nkung<\/strong><\/span><\/h5><p><span>Soweit gesetzlich zul\u00e4ssig, haftet\u00a0<\/span><strong><span>alphanexfx.com/en<\/span><\/strong><span>\u00a0nicht f\u00fcr direkte, indirekte, zuf\u00e4llige, Sonder- oder Folgesch\u00e4den, einschlie\u00dflich, aber nicht beschr\u00e4nkt auf entgangene Gewinne, Daten oder Gesch\u00e4ftsm\u00f6glichkeiten, die aus Ihrer Nutzung der Plattform entstehen oder damit in Zusammenhang stehen, selbst wenn wir auf die M\u00f6glichkeit derartiger Sch\u00e4den hingewiesen wurden.<\/span><\/p><h5><span style=\"color: #99e069;\">14.\u00a0<strong>Links zu Drittanbietern<\/strong><\/span><\/h5><p><span>Unsere Plattform kann Links zu Websites oder Diensten Dritter enthalten. Diese Links dienen Ihrer Benutzerfreundlichkeit und wir unterst\u00fctzen oder kontrollieren den Inhalt dieser externen Websites nicht. Wir sind nicht verantwortlich f\u00fcr die Richtigkeit oder Rechtm\u00e4\u00dfigkeit von Inhalten auf Websites Dritter.<\/span><\/p><h5><span style=\"color: #99e069;\">15.\u00a0<strong>Geltendes Recht und Streitbeilegung<\/strong><\/span><\/h5><p><span>Diese Gesch\u00e4ftsbedingungen unterliegen den Gesetzen von St. Vincent und den Grenadinen und werden entsprechend ausgelegt. Alle Streitigkeiten, die sich aus diesen Gesch\u00e4ftsbedingungen ergeben oder damit in Zusammenhang stehen, werden durch ein verbindliches Schiedsverfahren in St. Vincent und den Grenadinen gem\u00e4\u00df den Regeln des British Virgin Islands International Arbitration Centre (BVI IAC) beigelegt.<\/span><\/p><h5><span style=\"color: #99e069;\">16.\u00a0<strong>\u00c4nderungen der Bedingungen<\/strong><\/span><\/h5><p><span>Wir behalten uns das Recht vor, diese Allgemeinen Gesch\u00e4ftsbedingungen jederzeit zu aktualisieren oder zu \u00e4ndern. Alle \u00c4nderungen werden auf der Plattform ver\u00f6ffentlicht und die aktualisierten Bedingungen werden mit der Ver\u00f6ffentlichung wirksam. Es liegt in Ihrer Verantwortung, die Allgemeinen Gesch\u00e4ftsbedingungen regelm\u00e4\u00dfig zu \u00fcberpr\u00fcfen, um \u00fcber alle \u00c4nderungen informiert zu bleiben.<\/span><\/p><h5><span style=\"color: #99e069;\">17.\u00a0<strong>Kontaktinformationen<\/strong><\/span><\/h5><p><span>Wenn Sie Fragen oder Bedenken zu diesen Allgemeinen Gesch\u00e4ftsbedingungen haben, wenden Sie sich bitte an unser Supportteam:<\/span><\/p><p><span>E-Mail: support@alphanexfx.com/en<\/span><br \/><span>Support-Seite:\u00a0<\/span><a href=\"https:\/\/alphanexfx.com/en\/contact-us\/\" target=\"_blank\" rel=\"noopener\"><strong><span>Kontaktieren Sie uns<\/span><\/strong><\/a><\/p>\t\t\t\t\t\t<\/div>\n\t\t\t\t<\/div>\n\t\t\t\t\t<\/div>\n\t\t<\/div>\n\t\t\t\t\t<\/div>\n\t\t<\/section>\n\t\t\t\t<\/div>\n\t\t","protected":false},"excerpt":{"rendered":"<p>Rechtliches Allgemeine Gesch\u00e4ftsbedingungen G\u00fcltig ab: 20.09.2024 alphanexfx.com/en\u00a0\u00a0ist Eigentum von GLOBAL Markets LLC und wird von diesem Unternehmen mit der Registrierungsnummer 3796 LLC 204 und der Registrierungsadresse Euro House, Richmond Hill Road, Kingstown, St. Vincent und die Grenadinen betrieben. Willkommen bei\u00a0alphanexfx.com/en\u00a0! Indem Sie auf unsere Website, Plattform und Dienste (zusammen \u201eDienste\u201c genannt) zugreifen und diese nutzen, [&hellip;]<\/p>\n","protected":false},"author":1,"featured_media":0,"parent":0,"menu_order":0,"comment_status":"closed","ping_status":"closed","template":"","meta":{"footnotes":""},"class_list":["post-948","page","type-page","status-publish","hentry"],"_links":{"self":[{"href":"https:\/\/alphanexfx.com/en\/wp-json\/wp\/v2\/pages\/948","targetHints":{"allow":["GET"]}}],"collection":[{"href":"https:\/\/alphanexfx.com/en\/wp-json\/wp\/v2\/pages"}],"about":[{"href":"https:\/\/alphanexfx.com/en\/wp-json\/wp\/v2\/types\/page"}],"author":[{"embeddable":true,"href":"https:\/\/alphanexfx.com/en\/wp-json\/wp\/v2\/users\/1"}],"replies":[{"embeddable":true,"href":"https:\/\/alphanexfx.com/en\/wp-json\/wp\/v2\/comments?post=948"}],"version-history":[{"count":13,"href":"https:\/\/alphanexfx.com/en\/wp-json\/wp\/v2\/pages\/948\/revisions"}],"predecessor-version":[{"id":1265,"href":"https:\/\/alphanexfx.com/en\/wp-json\/wp\/v2\/pages\/948\/revisions\/1265"}],"wp:attachment":[{"href":"https:\/\/alphanexfx.com/en\/wp-json\/wp\/v2\/media?parent=948"}],"curies":[{"name":"wp","href":"https:\/\/api.w.org\/{rel}","templated":true}]}}