{"id":947,"date":"2025-02-12T01:27:22","date_gmt":"2025-02-12T01:27:22","guid":{"rendered":"https:\/\/alphanexfx.com/en\/?page_id=947"},"modified":"2025-02-12T16:54:20","modified_gmt":"2025-02-12T16:54:20","slug":"privacy-policy","status":"publish","type":"page","link":"https:\/\/alphanexfx.com/en\/privacy-policy\/?lang=de","title":{"rendered":"Privacy Policy"},"content":{"rendered":"\t\t<div data-elementor-type=\"wp-page\" data-elementor-id=\"947\" class=\"elementor elementor-947 elementor-335\" data-elementor-post-type=\"page\">\n\t\t\t\t\t\t<section class=\"elementor-section elementor-top-section elementor-element elementor-element-7f5093e4 elementor-section-boxed elementor-section-height-default elementor-section-height-default\" data-id=\"7f5093e4\" data-element_type=\"section\" data-settings=\"{&quot;background_background&quot;:&quot;classic&quot;}\">\n\t\t\t\t\t\t\t<div class=\"elementor-background-overlay\"><\/div>\n\t\t\t\t\t\t\t<div class=\"elementor-container elementor-column-gap-no\">\n\t\t\t\t\t<div class=\"elementor-column elementor-col-100 elementor-top-column elementor-element elementor-element-751c6f21\" data-id=\"751c6f21\" data-element_type=\"column\">\n\t\t\t<div class=\"elementor-widget-wrap elementor-element-populated\">\n\t\t\t\t\t\t<div class=\"elementor-element elementor-element-1c165a01 elementor-widget__width-auto elementor-widget elementor-widget-heading\" data-id=\"1c165a01\" data-element_type=\"widget\" data-widget_type=\"heading.default\">\n\t\t\t\t<div class=\"elementor-widget-container\">\n\t\t\t<h2 class=\"elementor-heading-title elementor-size-default\">Rechtliches<\/h2>\t\t<\/div>\n\t\t\t\t<\/div>\n\t\t\t\t<div class=\"elementor-element elementor-element-6c15166c elementor-widget elementor-widget-heading\" data-id=\"6c15166c\" data-element_type=\"widget\" data-widget_type=\"heading.default\">\n\t\t\t\t<div class=\"elementor-widget-container\">\n\t\t\t<h2 class=\"elementor-heading-title elementor-size-default\">Datenschutzrichtlinie<\/h2>\t\t<\/div>\n\t\t\t\t<\/div>\n\t\t\t\t\t<\/div>\n\t\t<\/div>\n\t\t\t\t\t<\/div>\n\t\t<\/section>\n\t\t\t\t<section class=\"elementor-section elementor-top-section elementor-element elementor-element-656527f6 elementor-section-boxed elementor-section-height-default elementor-section-height-default\" data-id=\"656527f6\" data-element_type=\"section\" data-settings=\"{&quot;background_background&quot;:&quot;classic&quot;}\">\n\t\t\t\t\t\t<div class=\"elementor-container elementor-column-gap-no\">\n\t\t\t\t\t<div class=\"elementor-column elementor-col-100 elementor-top-column elementor-element elementor-element-4b2d10b\" data-id=\"4b2d10b\" data-element_type=\"column\">\n\t\t\t<div class=\"elementor-widget-wrap elementor-element-populated\">\n\t\t\t\t\t\t<div class=\"elementor-element elementor-element-97dd251 elementor-widget elementor-widget-text-editor\" data-id=\"97dd251\" data-element_type=\"widget\" data-widget_type=\"text-editor.default\">\n\t\t\t\t<div class=\"elementor-widget-container\">\n\t\t\t\t\t\t\t<p><span>G\u00fcltig ab: 20.09.2024 Diese Datenschutzrichtlinie beschreibt, wie wir, alphanexfx.com/en, personenbezogene Daten sammeln, verwenden und sch\u00fctzen, wenn Sie unsere Website besuchen und unsere Dienste nutzen. Wir legen Wert auf Ihre Privatsph\u00e4re und verpflichten uns, Ihre personenbezogenen Daten zu sch\u00fctzen.<\/span><\/p><h5><span style=\"color: #99e069;\">1. Von uns erfasste Informationen<\/span><\/h5><p><span>Wir sammeln verschiedene Arten von Informationen, darunter:<\/span><\/p><ul><li><strong><span>Pers\u00f6nliche Daten<\/span><\/strong><span>\u00a0: Name, E-Mail-Adresse, Telefonnummer, Details zu Finanztransaktionen und andere Kontaktinformationen.<\/span><\/li><li><strong><span>Website-Interaktionsdaten<\/span><\/strong><span>\u00a0: Informationen \u00fcber Ihr Ger\u00e4t, Ihren Browser, Ihre Zugriffszeit und Ihre IP-Adresse.<\/span><\/li><li><strong><span>Cookies und Tracking-Technologien<\/span><\/strong><span>\u00a0: Wir verwenden Cookies und andere Technologien, um Informationen \u00fcber Ihre Nutzung der Website zu sammeln und so die Leistung der Website und das Benutzererlebnis zu verbessern.<\/span><\/li><\/ul><h5><span style=\"color: #99e069;\">2. Verwendung von Informationen<\/span><\/h5><p><span>Die von uns gesammelten Informationen k\u00f6nnen f\u00fcr folgende Zwecke verwendet werden:<\/span><\/p><ul><li><span>Bearbeitung Ihrer Anfragen und Bereitstellung der gew\u00fcnschten Dienste.<\/span><\/li><li><span>Verbesserung der Website-Leistung und Personalisierung des Benutzererlebnisses.<\/span><\/li><li><span>Abwicklung von Transaktionen, einschlie\u00dflich Finanztransaktionen.<\/span><\/li><li><span>Kommunikation mit Ihnen bez\u00fcglich Updates, Marketingangeboten und anderen wichtigen Informationen.<\/span><\/li><li><span>Einhaltung gesetzlicher und regulatorischer Verpflichtungen.<\/span><\/li><\/ul><h5><span style=\"color: #99e069;\">3. Datenschutz<\/span><\/h5><p><span>Wir ergreifen angemessene Sicherheitsma\u00dfnahmen, um Ihre personenbezogenen Daten vor unberechtigtem Zugriff, Nutzung oder Weitergabe zu sch\u00fctzen. Trotz aller Bem\u00fchungen k\u00f6nnen wir jedoch die vollst\u00e4ndige Sicherheit der \u00fcber das Internet \u00fcbertragenen Daten nicht garantieren.<\/span><\/p><h5><span style=\"color: #99e069;\">4. Weitergabe von Daten<\/span><\/h5><p><span>In den folgenden F\u00e4llen k\u00f6nnen wir Ihre personenbezogenen Daten an Dritte weitergeben:<\/span><\/p><ul><li><span>Wenn dies zur Erf\u00fcllung einer Vereinbarung oder zur Bereitstellung von Diensten erforderlich ist.<\/span><\/li><li><span>Um gesetzlichen Verpflichtungen nachzukommen oder die Rechte des Unternehmens zu sch\u00fctzen.<\/span><\/li><li><span>Im Rahmen einer Unternehmensumstrukturierung (z. B. einer Unternehmensver\u00e4u\u00dferung).<\/span><\/li><\/ul><h5><span style=\"color: #99e069;\">5. Datenspeicherung<\/span><\/h5><p><span>Wir bewahren Ihre Daten so lange auf, wie dies zur Erf\u00fcllung der Zwecke, f\u00fcr die sie erhoben wurden, erforderlich ist oder wie es gesetzlich vorgeschrieben ist.<\/span><\/p><h5><span style=\"color: #99e069;\">6. Ihre Rechte<\/span><\/h5><p><span>Sie haben das Recht auf Zugriff, Korrektur, L\u00f6schung oder Einschr\u00e4nkung der Verarbeitung Ihrer personenbezogenen Daten. Sie k\u00f6nnen Ihre Einwilligung zur Datenverarbeitung auch jederzeit widerrufen. Um diese Rechte auszu\u00fcben, kontaktieren Sie uns bitte unter:\u00a0<\/span><span>support@alphanexfx.com/en\u00a0<\/span><span>.<\/span><\/p><h5><span style=\"color: #99e069;\">7. \u00c4nderungen der Datenschutzrichtlinie<\/span><\/h5><p><span>Wir k\u00f6nnen diese Datenschutzrichtlinie von Zeit zu Zeit aktualisieren. Alle \u00c4nderungen werden wirksam, wenn sie auf der Website ver\u00f6ffentlicht werden.<\/span><\/p><h5><span style=\"color: #99e069;\">8. Kontaktinformationen<\/span><\/h5><p><span>Wenn Sie Fragen oder Bedenken zu dieser Datenschutzrichtlinie haben, kontaktieren Sie uns bitte: E-Mail:\u00a0<\/span><span>support@alphanexfx.com/en<\/span><\/p>\t\t\t\t\t\t<\/div>\n\t\t\t\t<\/div>\n\t\t\t\t\t<\/div>\n\t\t<\/div>\n\t\t\t\t\t<\/div>\n\t\t<\/section>\n\t\t\t\t<\/div>\n\t\t","protected":false},"excerpt":{"rendered":"<p>Rechtliches Datenschutzrichtlinie G\u00fcltig ab: 20.09.2024 Diese Datenschutzrichtlinie beschreibt, wie wir, alphanexfx.com/en, personenbezogene Daten sammeln, verwenden und sch\u00fctzen, wenn Sie unsere Website besuchen und unsere Dienste nutzen. Wir legen Wert auf Ihre Privatsph\u00e4re und verpflichten uns, Ihre personenbezogenen Daten zu sch\u00fctzen. 1. Von uns erfasste Informationen Wir sammeln verschiedene Arten von Informationen, darunter: Pers\u00f6nliche Daten\u00a0: Name, [&hellip;]<\/p>\n","protected":false},"author":1,"featured_media":0,"parent":0,"menu_order":0,"comment_status":"closed","ping_status":"closed","template":"","meta":{"footnotes":""},"class_list":["post-947","page","type-page","status-publish","hentry"],"_links":{"self":[{"href":"https:\/\/alphanexfx.com/en\/wp-json\/wp\/v2\/pages\/947","targetHints":{"allow":["GET"]}}],"collection":[{"href":"https:\/\/alphanexfx.com/en\/wp-json\/wp\/v2\/pages"}],"about":[{"href":"https:\/\/alphanexfx.com/en\/wp-json\/wp\/v2\/types\/page"}],"author":[{"embeddable":true,"href":"https:\/\/alphanexfx.com/en\/wp-json\/wp\/v2\/users\/1"}],"replies":[{"embeddable":true,"href":"https:\/\/alphanexfx.com/en\/wp-json\/wp\/v2\/comments?post=947"}],"version-history":[{"count":16,"href":"https:\/\/alphanexfx.com/en\/wp-json\/wp\/v2\/pages\/947\/revisions"}],"predecessor-version":[{"id":1268,"href":"https:\/\/alphanexfx.com/en\/wp-json\/wp\/v2\/pages\/947\/revisions\/1268"}],"wp:attachment":[{"href":"https:\/\/alphanexfx.com/en\/wp-json\/wp\/v2\/media?parent=947"}],"curies":[{"name":"wp","href":"https:\/\/api.w.org\/{rel}","templated":true}]}}