{"id":938,"date":"2025-02-12T01:26:37","date_gmt":"2025-02-12T01:26:37","guid":{"rendered":"https:\/\/alphanexfx.com/en\/?page_id=938"},"modified":"2025-02-12T02:17:19","modified_gmt":"2025-02-12T02:17:19","slug":"about-us-2","status":"publish","type":"page","link":"https:\/\/alphanexfx.com/en\/about-us-2\/?lang=de","title":{"rendered":"About Us"},"content":{"rendered":"\t\t<div data-elementor-type=\"wp-page\" data-elementor-id=\"938\" class=\"elementor elementor-938 elementor-541\" data-elementor-post-type=\"page\">\n\t\t\t\t\t\t<section class=\"elementor-section elementor-top-section elementor-element elementor-element-1fd6d9b4 elementor-section-boxed elementor-section-height-default elementor-section-height-default\" data-id=\"1fd6d9b4\" data-element_type=\"section\" data-settings=\"{&quot;background_background&quot;:&quot;classic&quot;}\">\n\t\t\t\t\t\t\t<div class=\"elementor-background-overlay\"><\/div>\n\t\t\t\t\t\t\t<div class=\"elementor-container elementor-column-gap-no\">\n\t\t\t\t\t<div class=\"elementor-column elementor-col-100 elementor-top-column elementor-element elementor-element-59009baf\" data-id=\"59009baf\" data-element_type=\"column\">\n\t\t\t<div class=\"elementor-widget-wrap elementor-element-populated\">\n\t\t\t\t\t\t<div class=\"elementor-element elementor-element-b172463 elementor-widget elementor-widget-heading\" data-id=\"b172463\" data-element_type=\"widget\" data-widget_type=\"heading.default\">\n\t\t\t\t<div class=\"elementor-widget-container\">\n\t\t\t<h2 class=\"elementor-heading-title elementor-size-default\">Wer Wir Sind<\/h2>\t\t<\/div>\n\t\t\t\t<\/div>\n\t\t\t\t<div class=\"elementor-element elementor-element-5527362 elementor-widget__width-initial elementor-widget elementor-widget-text-editor\" data-id=\"5527362\" data-element_type=\"widget\" data-widget_type=\"text-editor.default\">\n\t\t\t\t<div class=\"elementor-widget-container\">\n\t\t\t\t\t\t\t<p>Bringen Sie Ihr Investing auf das n\u00e4chste Level mit Alphanex Fx. Unsere fortschrittlichen Tools helfen Ihnen, Markttrends zu erkennen, Ihre Strategien zu optimieren und fundierte Entscheidungen zu treffen. Mit Echtzeitdaten und leistungsstarken Analysen sind Sie Ihren Mitbewerbern immer einen Schritt voraus und handeln mit noch mehr Selbstvertrauen.<\/p>\t\t\t\t\t\t<\/div>\n\t\t\t\t<\/div>\n\t\t\t\t\t<\/div>\n\t\t<\/div>\n\t\t\t\t\t<\/div>\n\t\t<\/section>\n\t\t\t\t<section class=\"elementor-section elementor-top-section elementor-element elementor-element-263d116 elementor-section-boxed elementor-section-height-default elementor-section-height-default\" data-id=\"263d116\" data-element_type=\"section\" data-settings=\"{&quot;background_background&quot;:&quot;classic&quot;}\">\n\t\t\t\t\t\t<div class=\"elementor-container elementor-column-gap-no\">\n\t\t\t\t\t<div class=\"elementor-column elementor-col-50 elementor-top-column elementor-element elementor-element-5aef4be\" data-id=\"5aef4be\" data-element_type=\"column\" data-settings=\"{&quot;background_background&quot;:&quot;classic&quot;}\">\n\t\t\t<div class=\"elementor-widget-wrap elementor-element-populated\">\n\t\t\t\t\t\t<div class=\"elementor-element elementor-element-d2906a3 elementor-widget elementor-widget-image\" data-id=\"d2906a3\" data-element_type=\"widget\" data-widget_type=\"image.default\">\n\t\t\t\t<div class=\"elementor-widget-container\">\n\t\t\t\t\t\t\t\t\t\t\t\t\t<img fetchpriority=\"high\" decoding=\"async\" width=\"808\" height=\"1000\" src=\"https:\/\/alphanexfx.com/en\/wp-content\/uploads\/2025\/02\/s2-1.png\" class=\"attachment-full size-full wp-image-769\" alt=\"\" srcset=\"https:\/\/alphanexfx.com/en\/wp-content\/uploads\/2025\/02\/s2-1.png 808w, https:\/\/alphanexfx.com/en\/wp-content\/uploads\/2025\/02\/s2-1-242x300.png 242w, https:\/\/alphanexfx.com/en\/wp-content\/uploads\/2025\/02\/s2-1-768x950.png 768w\" sizes=\"(max-width: 808px) 100vw, 808px\" \/>\t\t\t\t\t\t\t\t\t\t\t\t\t<\/div>\n\t\t\t\t<\/div>\n\t\t\t\t\t<\/div>\n\t\t<\/div>\n\t\t\t\t<div class=\"elementor-column elementor-col-50 elementor-top-column elementor-element elementor-element-c051264\" data-id=\"c051264\" data-element_type=\"column\">\n\t\t\t<div class=\"elementor-widget-wrap elementor-element-populated\">\n\t\t\t\t\t\t<div class=\"elementor-element elementor-element-29abb86 elementor-widget elementor-widget-text-editor\" data-id=\"29abb86\" data-element_type=\"widget\" data-widget_type=\"text-editor.default\">\n\t\t\t\t<div class=\"elementor-widget-container\">\n\t\t\t\t\t\t\t<h4>Ihr Zugang zu intelligenterem Trading<\/h4><p>Seit 2020 steht Alphanex Fx an der Spitze des Online-Tradings und bietet H\u00e4ndlern weltweit eine innovative Plattform mit einer breiten Auswahl an Finanzprodukten. In den letzten f\u00fcnf Jahren haben wir unz\u00e4hlige Trader unterst\u00fctzt \u2013 mit hochwertigen Schulungsressourcen, modernster Trading-Technologie und Zugang zu globalen M\u00e4rkten, darunter Forex, Kryptow\u00e4hrungen, Indizes, Rohstoffe und Aktien.<\/p><p>Unser Ziel ist es, stets branchenf\u00fchrende Konditionen, hochmoderne Trading-Tools und ein nahtloses Handelserlebnis bereitzustellen. Wir entwickeln unsere Plattform kontinuierlich weiter, basierend auf dem wertvollen Feedback unserer Trader, um den sich st\u00e4ndig wandelnden Anforderungen der Finanzm\u00e4rkte gerecht zu werden.<\/p><p>In den dynamischen Finanzm\u00e4rkten ist der Zugang zu pr\u00e4zisen Echtzeitdaten entscheidend. Deshalb stellt Alphanex Fx eine umfassende Suite an Analysetools f\u00fcr technische und fundamentale Analysen, aktuelle Preisaktualisierungen und interaktive Charts zur Verf\u00fcgung \u2013 damit Sie immer gut informiert bleiben und strategische Handelsentscheidungen treffen k\u00f6nnen.<\/p>\t\t\t\t\t\t<\/div>\n\t\t\t\t<\/div>\n\t\t\t\t<div class=\"elementor-element elementor-element-428d446 elementor-widget elementor-widget-text-editor\" data-id=\"428d446\" data-element_type=\"widget\" data-widget_type=\"text-editor.default\">\n\t\t\t\t<div class=\"elementor-widget-container\">\n\t\t\t\t\t\t\t<p>Handeln Sie EUR\/USD, Ethereum, Brent Crude, NASDAQ 100, Microsoft und \u00fcber <span style=\"color: #99e069;\">7.000 weitere globale Verm\u00f6genswerte mit Alphanex Fx.<\/span><\/p>\t\t\t\t\t\t<\/div>\n\t\t\t\t<\/div>\n\t\t\t\t\t<\/div>\n\t\t<\/div>\n\t\t\t\t\t<\/div>\n\t\t<\/section>\n\t\t\t\t<section class=\"elementor-section elementor-top-section elementor-element elementor-element-a88d1d7 elementor-section-boxed elementor-section-height-default elementor-section-height-default\" data-id=\"a88d1d7\" data-element_type=\"section\">\n\t\t\t\t\t\t<div class=\"elementor-container elementor-column-gap-no\">\n\t\t\t\t\t<div class=\"elementor-column elementor-col-100 elementor-top-column elementor-element elementor-element-a1940a1\" data-id=\"a1940a1\" data-element_type=\"column\">\n\t\t\t<div class=\"elementor-widget-wrap elementor-element-populated\">\n\t\t\t\t\t\t<section class=\"elementor-section elementor-inner-section elementor-element elementor-element-d3ab31b elementor-section-boxed elementor-section-height-default elementor-section-height-default\" data-id=\"d3ab31b\" data-element_type=\"section\">\n\t\t\t\t\t\t<div class=\"elementor-container elementor-column-gap-no\">\n\t\t\t\t\t<div class=\"elementor-column elementor-col-100 elementor-inner-column elementor-element elementor-element-7b34341\" data-id=\"7b34341\" data-element_type=\"column\">\n\t\t\t<div class=\"elementor-widget-wrap elementor-element-populated\">\n\t\t\t\t\t\t<div class=\"elementor-element elementor-element-a56dbe1 elementor-widget__width-auto elementor-widget elementor-widget-heading\" data-id=\"a56dbe1\" data-element_type=\"widget\" data-widget_type=\"heading.default\">\n\t\t\t\t<div class=\"elementor-widget-container\">\n\t\t\t<h2 class=\"elementor-heading-title elementor-size-default\">H\u00e4ufig gestellte Fragen\n<\/h2>\t\t<\/div>\n\t\t\t\t<\/div>\n\t\t\t\t<div class=\"elementor-element elementor-element-8802c8a elementor-widget elementor-widget-heading\" data-id=\"8802c8a\" data-element_type=\"widget\" data-widget_type=\"heading.default\">\n\t\t\t\t<div class=\"elementor-widget-container\">\n\t\t\t<h2 class=\"elementor-heading-title elementor-size-default\">Trader-Support-Hub\n<\/h2>\t\t<\/div>\n\t\t\t\t<\/div>\n\t\t\t\t<div class=\"elementor-element elementor-element-cc3e73c elementor-widget elementor-widget-text-editor\" data-id=\"cc3e73c\" data-element_type=\"widget\" data-widget_type=\"text-editor.default\">\n\t\t\t\t<div class=\"elementor-widget-container\">\n\t\t\t\t\t\t\tFinden Sie Antworten auf h\u00e4ufige Fragen und erhalten Sie alle Informationen, die Sie f\u00fcr sicheres und effizientes Investing ben\u00f6tigen.\n\t\t\t\t\t\t<\/div>\n\t\t\t\t<\/div>\n\t\t\t\t\t<\/div>\n\t\t<\/div>\n\t\t\t\t\t<\/div>\n\t\t<\/section>\n\t\t\t\t<section class=\"elementor-section elementor-inner-section elementor-element elementor-element-9303b9a elementor-section-boxed elementor-section-height-default elementor-section-height-default\" data-id=\"9303b9a\" data-element_type=\"section\">\n\t\t\t\t\t\t<div class=\"elementor-container elementor-column-gap-no\">\n\t\t\t\t\t<div class=\"elementor-column elementor-col-100 elementor-inner-column elementor-element elementor-element-75d5545\" data-id=\"75d5545\" data-element_type=\"column\">\n\t\t\t<div class=\"elementor-widget-wrap elementor-element-populated\">\n\t\t\t\t\t\t<div class=\"elementor-element elementor-element-e0ec060 elementor-widget elementor-widget-jkit_accordion\" data-id=\"e0ec060\" data-element_type=\"widget\" data-widget_type=\"jkit_accordion.default\">\n\t\t\t\t<div class=\"elementor-widget-container\">\n\t\t\t<div  class=\"jeg-elementor-kit jkit-accordion style-default jeg_module___67e65d7c626a4\" ><div class=\"card-wrapper expand\">\n                <div class=\"card-header\">\n                    <a href=\"#expand-1bd0607\" class=\"card-header-button\" aria-expanded=\"false\" data-target=\"#expand-1bd0607\" aria-controls=\"expand-1bd0607\">\n                        <span class=\"title\">Wie starte ich mit Alphanex Fx?<\/span><div class=\"right-icon-group\">\n                <div class=\"normal-icon\"><svg aria-hidden=\"true\" class=\"e-font-icon-svg e-fas-chevron-down\" viewBox=\"0 0 448 512\" xmlns=\"http:\/\/www.w3.org\/2000\/svg\"><path d=\"M207.029 381.476L12.686 187.132c-9.373-9.373-9.373-24.569 0-33.941l22.667-22.667c9.357-9.357 24.522-9.375 33.901-.04L224 284.505l154.745-154.021c9.379-9.335 24.544-9.317 33.901.04l22.667 22.667c9.373 9.373 9.373 24.569 0 33.941L240.971 381.476c-9.373 9.372-24.569 9.372-33.942 0z\"><\/path><\/svg><\/div>\n                <div class=\"active-icon\"><svg aria-hidden=\"true\" class=\"e-font-icon-svg e-fas-chevron-up\" viewBox=\"0 0 448 512\" xmlns=\"http:\/\/www.w3.org\/2000\/svg\"><path d=\"M240.971 130.524l194.343 194.343c9.373 9.373 9.373 24.569 0 33.941l-22.667 22.667c-9.357 9.357-24.522 9.375-33.901.04L224 227.495 69.255 381.516c-9.379 9.335-24.544 9.317-33.901-.04l-22.667-22.667c-9.373-9.373-9.373-24.569 0-33.941L207.03 130.525c9.372-9.373 24.568-9.373 33.941-.001z\"><\/path><\/svg><\/div>\n            <\/div>\n                    <\/a>\n                <\/div>\n                <div class=\"card-expand\" id=\"expand-1bd0607\" style=\"display:block\"><div class=\"card-body\"><p>Der Einstieg ist ganz einfach. Registrieren Sie sich, zahlen Sie Kapital auf Ihr Konto ein und w\u00e4hlen Sie Ihren bevorzugten Markt. Unsere benutzerfreundliche Plattform macht es Ihnen leicht, Trades zu platzieren und Ihr Portfolio zu verwalten.<\/p><\/div><\/div>\n            <\/div><div class=\"card-wrapper \">\n                <div class=\"card-header\">\n                    <a href=\"#expand-62f8b62\" class=\"card-header-button\" aria-expanded=\"false\" data-target=\"#expand-62f8b62\" aria-controls=\"expand-62f8b62\">\n                        <span class=\"title\">Welche Trading-Tools bietet Alphanex Fx?<\/span><div class=\"right-icon-group\">\n                <div class=\"normal-icon\"><svg aria-hidden=\"true\" class=\"e-font-icon-svg e-fas-chevron-down\" viewBox=\"0 0 448 512\" xmlns=\"http:\/\/www.w3.org\/2000\/svg\"><path d=\"M207.029 381.476L12.686 187.132c-9.373-9.373-9.373-24.569 0-33.941l22.667-22.667c9.357-9.357 24.522-9.375 33.901-.04L224 284.505l154.745-154.021c9.379-9.335 24.544-9.317 33.901.04l22.667 22.667c9.373 9.373 9.373 24.569 0 33.941L240.971 381.476c-9.373 9.372-24.569 9.372-33.942 0z\"><\/path><\/svg><\/div>\n                <div class=\"active-icon\"><svg aria-hidden=\"true\" class=\"e-font-icon-svg e-fas-chevron-up\" viewBox=\"0 0 448 512\" xmlns=\"http:\/\/www.w3.org\/2000\/svg\"><path d=\"M240.971 130.524l194.343 194.343c9.373 9.373 9.373 24.569 0 33.941l-22.667 22.667c-9.357 9.357-24.522 9.375-33.901.04L224 227.495 69.255 381.516c-9.379 9.335-24.544 9.317-33.901-.04l-22.667-22.667c-9.373-9.373-9.373-24.569 0-33.941L207.03 130.525c9.372-9.373 24.568-9.373 33.941-.001z\"><\/path><\/svg><\/div>\n            <\/div>\n                    <\/a>\n                <\/div>\n                <div class=\"card-expand\" id=\"expand-62f8b62\" style=\"display:none\"><div class=\"card-body\"><p>Mit Alphanex Fx erhalten Sie Zugang zu \u00fcber 4.600 handelbaren Instrumenten, darunter W\u00e4hrungspaare, Aktien, Kryptow\u00e4hrungen, Indizes und Rohstoffe. Nutzen Sie professionelle Charting-Tools, Indikatoren und integrierte Trading-Signale, um Ihre Strategie zu optimieren.<\/p><\/div><\/div>\n            <\/div><div class=\"card-wrapper \">\n                <div class=\"card-header\">\n                    <a href=\"#expand-258feeb\" class=\"card-header-button\" aria-expanded=\"false\" data-target=\"#expand-258feeb\" aria-controls=\"expand-258feeb\">\n                        <span class=\"title\">Wie sicher ist die USASM-Plattform?<\/span><div class=\"right-icon-group\">\n                <div class=\"normal-icon\"><svg aria-hidden=\"true\" class=\"e-font-icon-svg e-fas-chevron-down\" viewBox=\"0 0 448 512\" xmlns=\"http:\/\/www.w3.org\/2000\/svg\"><path d=\"M207.029 381.476L12.686 187.132c-9.373-9.373-9.373-24.569 0-33.941l22.667-22.667c9.357-9.357 24.522-9.375 33.901-.04L224 284.505l154.745-154.021c9.379-9.335 24.544-9.317 33.901.04l22.667 22.667c9.373 9.373 9.373 24.569 0 33.941L240.971 381.476c-9.373 9.372-24.569 9.372-33.942 0z\"><\/path><\/svg><\/div>\n                <div class=\"active-icon\"><svg aria-hidden=\"true\" class=\"e-font-icon-svg e-fas-chevron-up\" viewBox=\"0 0 448 512\" xmlns=\"http:\/\/www.w3.org\/2000\/svg\"><path d=\"M240.971 130.524l194.343 194.343c9.373 9.373 9.373 24.569 0 33.941l-22.667 22.667c-9.357 9.357-24.522 9.375-33.901.04L224 227.495 69.255 381.516c-9.379 9.335-24.544 9.317-33.901-.04l-22.667-22.667c-9.373-9.373-9.373-24.569 0-33.941L207.03 130.525c9.372-9.373 24.568-9.373 33.941-.001z\"><\/path><\/svg><\/div>\n            <\/div>\n                    <\/a>\n                <\/div>\n                <div class=\"card-expand\" id=\"expand-258feeb\" style=\"display:none\"><div class=\"card-body\"><p>Sicherheit hat bei Alphanex Fx oberste Priorit\u00e4t. Wir verwenden SSL-Verschl\u00fcsselung, Zwei-Faktor-Authentifizierung (2FA) und mehrschichtige Firewall-Schutzmechanismen, um Ihre Daten und Ihr Kapital jederzeit zu sichern.<\/p><\/div><\/div>\n            <\/div><div class=\"card-wrapper \">\n                <div class=\"card-header\">\n                    <a href=\"#expand-ea80548\" class=\"card-header-button\" aria-expanded=\"false\" data-target=\"#expand-ea80548\" aria-controls=\"expand-ea80548\">\n                        <span class=\"title\">Welche Geb\u00fchren fallen beim Investing an?<\/span><div class=\"right-icon-group\">\n                <div class=\"normal-icon\"><svg aria-hidden=\"true\" class=\"e-font-icon-svg e-fas-chevron-down\" viewBox=\"0 0 448 512\" xmlns=\"http:\/\/www.w3.org\/2000\/svg\"><path d=\"M207.029 381.476L12.686 187.132c-9.373-9.373-9.373-24.569 0-33.941l22.667-22.667c9.357-9.357 24.522-9.375 33.901-.04L224 284.505l154.745-154.021c9.379-9.335 24.544-9.317 33.901.04l22.667 22.667c9.373 9.373 9.373 24.569 0 33.941L240.971 381.476c-9.373 9.372-24.569 9.372-33.942 0z\"><\/path><\/svg><\/div>\n                <div class=\"active-icon\"><svg aria-hidden=\"true\" class=\"e-font-icon-svg e-fas-chevron-up\" viewBox=\"0 0 448 512\" xmlns=\"http:\/\/www.w3.org\/2000\/svg\"><path d=\"M240.971 130.524l194.343 194.343c9.373 9.373 9.373 24.569 0 33.941l-22.667 22.667c-9.357 9.357-24.522 9.375-33.901.04L224 227.495 69.255 381.516c-9.379 9.335-24.544 9.317-33.901-.04l-22.667-22.667c-9.373-9.373-9.373-24.569 0-33.941L207.03 130.525c9.372-9.373 24.568-9.373 33.941-.001z\"><\/path><\/svg><\/div>\n            <\/div>\n                    <\/a>\n                <\/div>\n                <div class=\"card-expand\" id=\"expand-ea80548\" style=\"display:none\"><div class=\"card-body\"><p>Alphanex Fx verfolgt ein transparentes Geb\u00fchrenmodell. Wir bieten wettbewerbsf\u00e4hige Spreads, und zus\u00e4tzliche Geb\u00fchren wie Auszahlungsgeb\u00fchren h\u00e4ngen von der gew\u00e4hlten Zahlungsmethode ab. Eine vollst\u00e4ndige \u00dcbersicht finden Sie im Abschnitt \"Tarife und Konditionen\".<\/p><\/div><\/div>\n            <\/div><\/div>\t\t<\/div>\n\t\t\t\t<\/div>\n\t\t\t\t\t<\/div>\n\t\t<\/div>\n\t\t\t\t\t<\/div>\n\t\t<\/section>\n\t\t\t\t\t<\/div>\n\t\t<\/div>\n\t\t\t\t\t<\/div>\n\t\t<\/section>\n\t\t\t\t<\/div>\n\t\t","protected":false},"excerpt":{"rendered":"<p>Wer Wir Sind Bringen Sie Ihr Investing auf das n\u00e4chste Level mit Alphanex Fx. Unsere fortschrittlichen Tools helfen Ihnen, Markttrends zu erkennen, Ihre Strategien zu optimieren und fundierte Entscheidungen zu treffen. Mit Echtzeitdaten und leistungsstarken Analysen sind Sie Ihren Mitbewerbern immer einen Schritt voraus und handeln mit noch mehr Selbstvertrauen. Ihr Zugang zu intelligenterem Investing Seit [&hellip;]<\/p>\n","protected":false},"author":1,"featured_media":0,"parent":0,"menu_order":0,"comment_status":"closed","ping_status":"closed","template":"","meta":{"footnotes":""},"class_list":["post-938","page","type-page","status-publish","hentry"],"_links":{"self":[{"href":"https:\/\/alphanexfx.com/en\/wp-json\/wp\/v2\/pages\/938","targetHints":{"allow":["GET"]}}],"collection":[{"href":"https:\/\/alphanexfx.com/en\/wp-json\/wp\/v2\/pages"}],"about":[{"href":"https:\/\/alphanexfx.com/en\/wp-json\/wp\/v2\/types\/page"}],"author":[{"embeddable":true,"href":"https:\/\/alphanexfx.com/en\/wp-json\/wp\/v2\/users\/1"}],"replies":[{"embeddable":true,"href":"https:\/\/alphanexfx.com/en\/wp-json\/wp\/v2\/comments?post=938"}],"version-history":[{"count":7,"href":"https:\/\/alphanexfx.com/en\/wp-json\/wp\/v2\/pages\/938\/revisions"}],"predecessor-version":[{"id":1150,"href":"https:\/\/alphanexfx.com/en\/wp-json\/wp\/v2\/pages\/938\/revisions\/1150"}],"wp:attachment":[{"href":"https:\/\/alphanexfx.com/en\/wp-json\/wp\/v2\/media?parent=938"}],"curies":[{"name":"wp","href":"https:\/\/api.w.org\/{rel}","templated":true}]}}